{"id":715,"date":"2017-03-31T14:20:49","date_gmt":"2017-03-31T14:20:49","guid":{"rendered":"https:\/\/archidattica.com\/?page_id=2"},"modified":"2021-04-19T12:59:31","modified_gmt":"2021-04-19T10:59:31","slug":"about","status":"publish","type":"page","link":"https:\/\/www.archiviologia.it\/?page_id=715","title":{"rendered":"L&#8217;idea"},"content":{"rendered":"\n<div id=\"sectionId\"><p class=\"jstf\"><strong>L\u2019idea \u00e8 stata di portare gli archivi nelle scuole<\/strong> di ogni ordine e grado <strong>grazie alla<\/strong> <strong>digitalizzazione dei documenti e la loro pubblicazione on line.<\/strong><\/p><\/div>\n\n\n\n<p class=\"jstf\">Le carte digitalizzate sono organizzate in percorsi tematici creati ad hoc per ogni istituto scolastico e poi messi a disposizione di chi vuole utilizzarli.<\/p>\n\n\n\n<div class=\"wp-block-image\"><figure class=\"aligncenter size-large\"><img loading=\"lazy\" decoding=\"async\" width=\"485\" height=\"191\" src=\"https:\/\/www.archiviologia.it\/wp-content\/uploads\/2020\/06\/logo_tacafile.png\" alt=\"Associazione culturale Tacafile\" class=\"wp-image-788\"\/><\/figure><\/div>\n\n\n\n<p class=\"jstf\">Il progetto<em> insegna <\/em>sia il metodo per una ricerca archivistica online attraverso le fonti (sottolineando la differenza tra fonti affidabili e non; valutando anche la veridicit\u00e0 dei siti web) sia per una ricerca presso un archivio fisico.<\/p>\n\n\n\n<hr class=\"wp-block-separator\"\/>\n\n\n\n<h3 class=\"wp-block-heading\">Un po&#8217; di numeri<\/h3>\n\n\n\n<ul class=\"wp-block-list\"><li>12 istituti scolastici e oltre 20 archivi<\/li><li>oltre 1000 documenti digitalizzati<\/li><li>oltre 2000 studenti coinvolti<\/li><li>10 percorsi tematici online<\/li><\/ul>\n\n\n\n<p class=\"jstf\"><strong>I finanziamenti ottenuti<\/strong>&nbsp;sono:<br>per l\u2019anno scolastico 2014-15 il progetto \u00e8 stato finanziato da Fondazione Cassa di Risparmio di Torino e attuato in tre scuole del torinese<br>per l\u2019anno scolastico 2015-16 \u00e8 stato finanziato da Fondazione Cassa di Risparmio di Torino, Fondazione Cassa di Risparmio di Cuneo e da Regione Piemonte \u2013 Settore Archivi, Biblioteche e Istituti culturali e attuato quindi in scuole delle due province di Torino e Cuneo<br>per l\u2019anno scolastico 2016-17 \u00e8 stato finanziato ancora da Fondazione Cassa di Risparmio di Torino e Fondazione Cassa di Risparmio di Cuneo e anche da Regione Piemonte \u2013 Settore Archivi, Biblioteche e Istituti culturali.<\/p>\n\n\n\n<p><strong>Il progetto \u00e8 stato finanziato<\/strong>&nbsp;da:<br>Regione Piemonte \u2013 Settore Archivi, Biblioteche e Istituti culturali<br>Fondazione Cassa di Risparmio di Torino<br>Fondazione Cassa di Risparmio di Cuneo<br>Fondi Strutturali Europei del MIUR<\/p>\n\n\n\n<p class=\"jstf\"><strong>Si amplia sempre di pi\u00f9 sul territorio piemontese<\/strong>:<br>2014-15 \u00e8 stato attuato in alcune scuole di Torino citt\u00e0<br>nel 2015-16 e nel 2016-17 \u00e8 stato attuato anche nella provincia di Torino, a Cuneo citt\u00e0 e nella provincia di Cuneo<br>nel 2017-18 \u00e8 stato attuato anche nella provincia di Biella<\/p>\n\n\n\n<p class=\"jstf\"><strong>Coinvolge tutte le scuole di ogni ordine e grado: primaria, secondaria di primo grado e secondaria di secondo grado.<\/strong><\/p>\n\n\n\n<hr class=\"wp-block-separator\"\/>\n\n\n\n<p class=\"has-text-align-center\"><em>Frazione Pratrivero n.63, 13835 Trivero (BI) &#8211; Codice Fiscale 92016270024<\/em><\/p>\n","protected":false},"excerpt":{"rendered":"<p>This is just a short excerpt for the about&nbsp;page.<\/p>\n","protected":false},"author":1,"featured_media":0,"parent":0,"menu_order":1,"comment_status":"closed","ping_status":"closed","template":"","meta":{"footnotes":""},"class_list":["post-715","page","type-page","status-publish","hentry"],"yoast_head":"<!-- This site is optimized with the Yoast SEO plugin v27.0 - https:\/\/yoast.com\/product\/yoast-seo-wordpress\/ -->\n<title>L&#039;idea - Archiviologia<\/title>\n<meta name=\"robots\" content=\"index, follow, max-snippet:-1, max-image-preview:large, max-video-preview:-1\" \/>\n<link rel=\"canonical\" href=\"https:\/\/www.archiviologia.it\/?page_id=715\" \/>\n<meta property=\"og:locale\" content=\"it_IT\" \/>\n<meta property=\"og:type\" content=\"article\" \/>\n<meta property=\"og:title\" content=\"L&#039;idea - Archiviologia\" \/>\n<meta property=\"og:description\" content=\"This is just a short excerpt for the about&nbsp;page.\" \/>\n<meta property=\"og:url\" content=\"https:\/\/www.archiviologia.it\/?page_id=715\" \/>\n<meta property=\"og:site_name\" content=\"Archiviologia\" \/>\n<meta property=\"article:modified_time\" content=\"2021-04-19T10:59:31+00:00\" \/>\n<meta property=\"og:image\" content=\"https:\/\/www.archiviologia.it\/wp-content\/uploads\/2020\/06\/logo_tacafile.png\" \/>\n<meta name=\"twitter:card\" content=\"summary_large_image\" \/>\n<meta name=\"twitter:label1\" content=\"Tempo di lettura stimato\" \/>\n\t<meta name=\"twitter:data1\" content=\"2 minuti\" \/>\n<script type=\"application\/ld+json\" class=\"yoast-schema-graph\">{\"@context\":\"https:\/\/schema.org\",\"@graph\":[{\"@type\":\"WebPage\",\"@id\":\"https:\/\/www.archiviologia.it\/?page_id=715\",\"url\":\"https:\/\/www.archiviologia.it\/?page_id=715\",\"name\":\"L'idea - Archiviologia\",\"isPartOf\":{\"@id\":\"https:\/\/www.archiviologia.it\/#website\"},\"primaryImageOfPage\":{\"@id\":\"https:\/\/www.archiviologia.it\/?page_id=715#primaryimage\"},\"image\":{\"@id\":\"https:\/\/www.archiviologia.it\/?page_id=715#primaryimage\"},\"thumbnailUrl\":\"https:\/\/www.archiviologia.it\/wp-content\/uploads\/2020\/06\/logo_tacafile.png\",\"datePublished\":\"2017-03-31T14:20:49+00:00\",\"dateModified\":\"2021-04-19T10:59:31+00:00\",\"breadcrumb\":{\"@id\":\"https:\/\/www.archiviologia.it\/?page_id=715#breadcrumb\"},\"inLanguage\":\"it-IT\",\"potentialAction\":[{\"@type\":\"ReadAction\",\"target\":[\"https:\/\/www.archiviologia.it\/?page_id=715\"]}]},{\"@type\":\"ImageObject\",\"inLanguage\":\"it-IT\",\"@id\":\"https:\/\/www.archiviologia.it\/?page_id=715#primaryimage\",\"url\":\"https:\/\/www.archiviologia.it\/wp-content\/uploads\/2020\/06\/logo_tacafile.png\",\"contentUrl\":\"https:\/\/www.archiviologia.it\/wp-content\/uploads\/2020\/06\/logo_tacafile.png\",\"width\":485,\"height\":191},{\"@type\":\"BreadcrumbList\",\"@id\":\"https:\/\/www.archiviologia.it\/?page_id=715#breadcrumb\",\"itemListElement\":[{\"@type\":\"ListItem\",\"position\":1,\"name\":\"Home\",\"item\":\"https:\/\/www.archiviologia.it\/\"},{\"@type\":\"ListItem\",\"position\":2,\"name\":\"L&#8217;idea\"}]},{\"@type\":\"WebSite\",\"@id\":\"https:\/\/www.archiviologia.it\/#website\",\"url\":\"https:\/\/www.archiviologia.it\/\",\"name\":\"Archiviologia\",\"description\":\"gli archivi a scuola\",\"publisher\":{\"@id\":\"https:\/\/www.archiviologia.it\/#organization\"},\"potentialAction\":[{\"@type\":\"SearchAction\",\"target\":{\"@type\":\"EntryPoint\",\"urlTemplate\":\"https:\/\/www.archiviologia.it\/?s={search_term_string}\"},\"query-input\":{\"@type\":\"PropertyValueSpecification\",\"valueRequired\":true,\"valueName\":\"search_term_string\"}}],\"inLanguage\":\"it-IT\"},{\"@type\":\"Organization\",\"@id\":\"https:\/\/www.archiviologia.it\/#organization\",\"name\":\"Archiviologia\",\"url\":\"https:\/\/www.archiviologia.it\/\",\"logo\":{\"@type\":\"ImageObject\",\"inLanguage\":\"it-IT\",\"@id\":\"https:\/\/www.archiviologia.it\/#\/schema\/logo\/image\/\",\"url\":\"https:\/\/www.archiviologia.it\/wp-content\/uploads\/2020\/06\/logo_trsp.png\",\"contentUrl\":\"https:\/\/www.archiviologia.it\/wp-content\/uploads\/2020\/06\/logo_trsp.png\",\"width\":500,\"height\":500,\"caption\":\"Archiviologia\"},\"image\":{\"@id\":\"https:\/\/www.archiviologia.it\/#\/schema\/logo\/image\/\"}}]}<\/script>\n<!-- \/ Yoast SEO plugin. -->","yoast_head_json":{"title":"L'idea - Archiviologia","robots":{"index":"index","follow":"follow","max-snippet":"max-snippet:-1","max-image-preview":"max-image-preview:large","max-video-preview":"max-video-preview:-1"},"canonical":"https:\/\/www.archiviologia.it\/?page_id=715","og_locale":"it_IT","og_type":"article","og_title":"L'idea - Archiviologia","og_description":"This is just a short excerpt for the about&nbsp;page.","og_url":"https:\/\/www.archiviologia.it\/?page_id=715","og_site_name":"Archiviologia","article_modified_time":"2021-04-19T10:59:31+00:00","og_image":[{"url":"https:\/\/www.archiviologia.it\/wp-content\/uploads\/2020\/06\/logo_tacafile.png","type":"","width":"","height":""}],"twitter_card":"summary_large_image","twitter_misc":{"Tempo di lettura stimato":"2 minuti"},"schema":{"@context":"https:\/\/schema.org","@graph":[{"@type":"WebPage","@id":"https:\/\/www.archiviologia.it\/?page_id=715","url":"https:\/\/www.archiviologia.it\/?page_id=715","name":"L'idea - Archiviologia","isPartOf":{"@id":"https:\/\/www.archiviologia.it\/#website"},"primaryImageOfPage":{"@id":"https:\/\/www.archiviologia.it\/?page_id=715#primaryimage"},"image":{"@id":"https:\/\/www.archiviologia.it\/?page_id=715#primaryimage"},"thumbnailUrl":"https:\/\/www.archiviologia.it\/wp-content\/uploads\/2020\/06\/logo_tacafile.png","datePublished":"2017-03-31T14:20:49+00:00","dateModified":"2021-04-19T10:59:31+00:00","breadcrumb":{"@id":"https:\/\/www.archiviologia.it\/?page_id=715#breadcrumb"},"inLanguage":"it-IT","potentialAction":[{"@type":"ReadAction","target":["https:\/\/www.archiviologia.it\/?page_id=715"]}]},{"@type":"ImageObject","inLanguage":"it-IT","@id":"https:\/\/www.archiviologia.it\/?page_id=715#primaryimage","url":"https:\/\/www.archiviologia.it\/wp-content\/uploads\/2020\/06\/logo_tacafile.png","contentUrl":"https:\/\/www.archiviologia.it\/wp-content\/uploads\/2020\/06\/logo_tacafile.png","width":485,"height":191},{"@type":"BreadcrumbList","@id":"https:\/\/www.archiviologia.it\/?page_id=715#breadcrumb","itemListElement":[{"@type":"ListItem","position":1,"name":"Home","item":"https:\/\/www.archiviologia.it\/"},{"@type":"ListItem","position":2,"name":"L&#8217;idea"}]},{"@type":"WebSite","@id":"https:\/\/www.archiviologia.it\/#website","url":"https:\/\/www.archiviologia.it\/","name":"Archiviologia","description":"gli archivi a scuola","publisher":{"@id":"https:\/\/www.archiviologia.it\/#organization"},"potentialAction":[{"@type":"SearchAction","target":{"@type":"EntryPoint","urlTemplate":"https:\/\/www.archiviologia.it\/?s={search_term_string}"},"query-input":{"@type":"PropertyValueSpecification","valueRequired":true,"valueName":"search_term_string"}}],"inLanguage":"it-IT"},{"@type":"Organization","@id":"https:\/\/www.archiviologia.it\/#organization","name":"Archiviologia","url":"https:\/\/www.archiviologia.it\/","logo":{"@type":"ImageObject","inLanguage":"it-IT","@id":"https:\/\/www.archiviologia.it\/#\/schema\/logo\/image\/","url":"https:\/\/www.archiviologia.it\/wp-content\/uploads\/2020\/06\/logo_trsp.png","contentUrl":"https:\/\/www.archiviologia.it\/wp-content\/uploads\/2020\/06\/logo_trsp.png","width":500,"height":500,"caption":"Archiviologia"},"image":{"@id":"https:\/\/www.archiviologia.it\/#\/schema\/logo\/image\/"}}]}},"_links":{"self":[{"href":"https:\/\/www.archiviologia.it\/index.php?rest_route=\/wp\/v2\/pages\/715","targetHints":{"allow":["GET"]}}],"collection":[{"href":"https:\/\/www.archiviologia.it\/index.php?rest_route=\/wp\/v2\/pages"}],"about":[{"href":"https:\/\/www.archiviologia.it\/index.php?rest_route=\/wp\/v2\/types\/page"}],"author":[{"embeddable":true,"href":"https:\/\/www.archiviologia.it\/index.php?rest_route=\/wp\/v2\/users\/1"}],"replies":[{"embeddable":true,"href":"https:\/\/www.archiviologia.it\/index.php?rest_route=%2Fwp%2Fv2%2Fcomments&post=715"}],"version-history":[{"count":20,"href":"https:\/\/www.archiviologia.it\/index.php?rest_route=\/wp\/v2\/pages\/715\/revisions"}],"predecessor-version":[{"id":986,"href":"https:\/\/www.archiviologia.it\/index.php?rest_route=\/wp\/v2\/pages\/715\/revisions\/986"}],"wp:attachment":[{"href":"https:\/\/www.archiviologia.it\/index.php?rest_route=%2Fwp%2Fv2%2Fmedia&parent=715"}],"curies":[{"name":"wp","href":"https:\/\/api.w.org\/{rel}","templated":true}]}}